{"id":4051,"date":"2023-06-09T07:28:58","date_gmt":"2023-06-09T07:28:58","guid":{"rendered":"https:\/\/www.ultimamarkets.com\/?page_id=4051"},"modified":"2026-01-29T06:45:32","modified_gmt":"2026-01-29T06:45:32","slug":"ecn-account","status":"publish","type":"page","link":"https:\/\/www.ultimamarkets.com\/vn\/ecn-account\/","title":{"rendered":"ECN Account"},"content":{"rendered":"","protected":false},"excerpt":{"rendered":"","protected":false},"author":13,"featured_media":0,"parent":0,"menu_order":1,"comment_status":"closed","ping_status":"closed","template":"template_trading_ecn_account.php","meta":{"_acf_changed":true,"footnotes":""},"class_list":["post-4051","page","type-page","status-publish","hentry"],"acf":[],"yoast_head":"<!-- This site is optimized with the Yoast SEO Premium plugin v27.2 (Yoast SEO v27.2) - https:\/\/yoast.com\/product\/yoast-seo-premium-wordpress\/ -->\n<title>ECN Account | Ultima Markets<\/title>\n<meta name=\"robots\" content=\"index, follow, max-snippet:-1, max-image-preview:large, max-video-preview:-1\" \/>\n<link rel=\"canonical\" href=\"https:\/\/www.ultimamarkets.com\/vn\/ecn-account\/\" \/>\n<meta property=\"og:locale\" content=\"vi_VN\" \/>\n<meta property=\"og:type\" content=\"article\" \/>\n<meta property=\"og:title\" content=\"ECN Account\" \/>\n<meta property=\"og:url\" content=\"https:\/\/www.ultimamarkets.com\/vn\/wp-json\/wp\/v2\/pages\/4051\" \/>\n<meta property=\"og:site_name\" content=\"Ultima Markets\" \/>\n<meta property=\"article:publisher\" content=\"https:\/\/www.facebook.com\/ultimamarketsglobal\" \/>\n<meta property=\"article:modified_time\" content=\"2026-01-29T06:45:32+00:00\" \/>\n<meta name=\"twitter:card\" content=\"summary_large_image\" \/>\n<meta name=\"twitter:site\" content=\"@UltimaMarkets\" \/>\n<script type=\"application\/ld+json\" class=\"yoast-schema-graph\">{\"@context\":\"https:\/\/schema.org\",\"@graph\":[{\"@type\":\"WebPage\",\"@id\":\"\",\"url\":\"https:\/\/www.ultimamarkets.com\/vn\/wp-json\/wp\/v2\/pages\/4051\",\"name\":\"ECN Account | Ultima Markets\",\"datePublished\":\"2023-06-09T07:28:58+00:00\",\"dateModified\":\"2026-01-29T06:45:32+00:00\",\"inLanguage\":\"vi\"},{\"@type\":\"Organization\",\"@id\":\"https:\/\/www.ultimamarkets.com\/vn\/#organization\",\"name\":\"Ultima Markets\",\"alternateName\":\"UM\",\"url\":\"https:\/\/www.ultimamarkets.com\/vn\/\",\"logo\":{\"@type\":\"ImageObject\",\"inLanguage\":\"vi\",\"@id\":\"https:\/\/www.ultimamarkets.com\/vn\/#\/schema\/logo\/image\/\",\"url\":\"https:\/\/www.ultimamarkets.com\/vn\/wp-content\/uploads\/sites\/16\/2025\/12\/ultima-logo-ori-color-1.png\",\"contentUrl\":\"https:\/\/www.ultimamarkets.com\/vn\/wp-content\/uploads\/sites\/16\/2025\/12\/ultima-logo-ori-color-1.png\",\"width\":1392,\"height\":1392,\"caption\":\"Ultima Markets\"},\"image\":{\"@id\":\"https:\/\/www.ultimamarkets.com\/vn\/#\/schema\/logo\/image\/\"},\"sameAs\":[\"https:\/\/www.facebook.com\/ultimamarketsglobal\",\"https:\/\/x.com\/UltimaMarkets\",\"https:\/\/www.instagram.com\/ultima_markets\/\",\"https:\/\/www.linkedin.com\/company\/ultima-markets\/\",\"https:\/\/www.tiktok.com\/@ultimamarkets_global\",\"https:\/\/www.youtube.com\/@ultima_markets\",\"https:\/\/t.me\/ultimamarkets_official\"],\"description\":\"Ultima Markets l\u00e0 m\u1ed9t nh\u00e0 m\u00f4i gi\u1edbi \u0111a t\u00e0i s\u1ea3n to\u00e0n c\u1ea7u, cung c\u1ea5p d\u1ecbch v\u1ee5 giao d\u1ecbch Forex, Kim lo\u1ea1i, H\u00e0ng h\u00f3a, Ch\u1ec9 s\u1ed1 v\u00e0 CFD. C\u00f4ng ty mang \u0111\u1ebfn ph\u00e2n t\u00edch th\u1ecb tr\u01b0\u1eddng, t\u00e0i nguy\u00ean gi\u00e1o d\u1ee5c v\u00e0 c\u00e1c c\u00f4ng c\u1ee5 giao d\u1ecbch ti\u00ean ti\u1ebfn, \u0111\u01b0\u1ee3c thi\u1ebft k\u1ebf \u0111\u1ec3 h\u1ed7 tr\u1ee3 nh\u00e0 giao d\u1ecbch \u1edf m\u1ecdi c\u1ea5p \u0111\u1ed9 kinh nghi\u1ec7m. Ultima Markets cam k\u1ebft minh b\u1ea1ch, l\u1ea5y kh\u00e1ch h\u00e0ng l\u00e0m tr\u1ecdng t\u00e2m v\u00e0 duy tr\u00ec c\u00e1c ti\u00eau chu\u1ea9n v\u1eadn h\u00e0nh cao tr\u00ean th\u1ecb tr\u01b0\u1eddng t\u00e0i ch\u00ednh.\",\"email\":\"support@ultimamarkets.com\",\"legalName\":\"Ultima Markets Pte Ltd\",\"foundingDate\":\"2016-06-08\",\"numberOfEmployees\":{\"@type\":\"QuantitativeValue\",\"minValue\":\"201\",\"maxValue\":\"500\"}},{\"@type\":\"BreadcrumbList\",\"@id\":\"https:\/\/www.ultimamarkets.com\/vn\/wp-json\/wp\/v2\/pages\/4051#breadcrumb\",\"itemListElement\":[{\"@type\":\"ListItem\",\"position\":1,\"name\":\"Home\",\"item\":\"https:\/\/www.ultimamarkets.com\/vn\"},{\"@type\":\"ListItem\",\"position\":2,\"name\":\"pages\",\"item\":\"https:\/\/www.ultimamarkets.com\/vn\/wp-json\/wp\/v2\/pages\"},{\"@type\":\"ListItem\",\"position\":3,\"name\":\"ECN Account\",\"item\":\"https:\/\/www.ultimamarkets.com\/vn\/wp-json\/wp\/v2\/pages\/4051\"}]}]}<\/script>\n<!-- \/ Yoast SEO Premium plugin. -->","yoast_head_json":{"title":"ECN Account | Ultima Markets","robots":{"index":"index","follow":"follow","max-snippet":"max-snippet:-1","max-image-preview":"max-image-preview:large","max-video-preview":"max-video-preview:-1"},"canonical":"https:\/\/www.ultimamarkets.com\/vn\/ecn-account\/","og_locale":"vi_VN","og_type":"article","og_title":"ECN Account","og_url":"https:\/\/www.ultimamarkets.com\/vn\/wp-json\/wp\/v2\/pages\/4051","og_site_name":"Ultima Markets","article_publisher":"https:\/\/www.facebook.com\/ultimamarketsglobal","article_modified_time":"2026-01-29T06:45:32+00:00","twitter_card":"summary_large_image","twitter_site":"@UltimaMarkets","schema":{"@context":"https:\/\/schema.org","@graph":[{"@type":"WebPage","@id":"","url":"https:\/\/www.ultimamarkets.com\/vn\/wp-json\/wp\/v2\/pages\/4051","name":"ECN Account | Ultima Markets","datePublished":"2023-06-09T07:28:58+00:00","dateModified":"2026-01-29T06:45:32+00:00","inLanguage":"vi"},{"@type":"Organization","@id":"https:\/\/www.ultimamarkets.com\/vn\/#organization","name":"Ultima Markets","alternateName":"UM","url":"https:\/\/www.ultimamarkets.com\/vn\/","logo":{"@type":"ImageObject","inLanguage":"vi","@id":"https:\/\/www.ultimamarkets.com\/vn\/#\/schema\/logo\/image\/","url":"https:\/\/www.ultimamarkets.com\/vn\/wp-content\/uploads\/sites\/16\/2025\/12\/ultima-logo-ori-color-1.png","contentUrl":"https:\/\/www.ultimamarkets.com\/vn\/wp-content\/uploads\/sites\/16\/2025\/12\/ultima-logo-ori-color-1.png","width":1392,"height":1392,"caption":"Ultima Markets"},"image":{"@id":"https:\/\/www.ultimamarkets.com\/vn\/#\/schema\/logo\/image\/"},"sameAs":["https:\/\/www.facebook.com\/ultimamarketsglobal","https:\/\/x.com\/UltimaMarkets","https:\/\/www.instagram.com\/ultima_markets\/","https:\/\/www.linkedin.com\/company\/ultima-markets\/","https:\/\/www.tiktok.com\/@ultimamarkets_global","https:\/\/www.youtube.com\/@ultima_markets","https:\/\/t.me\/ultimamarkets_official"],"description":"Ultima Markets l\u00e0 m\u1ed9t nh\u00e0 m\u00f4i gi\u1edbi \u0111a t\u00e0i s\u1ea3n to\u00e0n c\u1ea7u, cung c\u1ea5p d\u1ecbch v\u1ee5 giao d\u1ecbch Forex, Kim lo\u1ea1i, H\u00e0ng h\u00f3a, Ch\u1ec9 s\u1ed1 v\u00e0 CFD. C\u00f4ng ty mang \u0111\u1ebfn ph\u00e2n t\u00edch th\u1ecb tr\u01b0\u1eddng, t\u00e0i nguy\u00ean gi\u00e1o d\u1ee5c v\u00e0 c\u00e1c c\u00f4ng c\u1ee5 giao d\u1ecbch ti\u00ean ti\u1ebfn, \u0111\u01b0\u1ee3c thi\u1ebft k\u1ebf \u0111\u1ec3 h\u1ed7 tr\u1ee3 nh\u00e0 giao d\u1ecbch \u1edf m\u1ecdi c\u1ea5p \u0111\u1ed9 kinh nghi\u1ec7m. Ultima Markets cam k\u1ebft minh b\u1ea1ch, l\u1ea5y kh\u00e1ch h\u00e0ng l\u00e0m tr\u1ecdng t\u00e2m v\u00e0 duy tr\u00ec c\u00e1c ti\u00eau chu\u1ea9n v\u1eadn h\u00e0nh cao tr\u00ean th\u1ecb tr\u01b0\u1eddng t\u00e0i ch\u00ednh.","email":"support@ultimamarkets.com","legalName":"Ultima Markets Pte Ltd","foundingDate":"2016-06-08","numberOfEmployees":{"@type":"QuantitativeValue","minValue":"201","maxValue":"500"}},{"@type":"BreadcrumbList","@id":"https:\/\/www.ultimamarkets.com\/vn\/wp-json\/wp\/v2\/pages\/4051#breadcrumb","itemListElement":[{"@type":"ListItem","position":1,"name":"Home","item":"https:\/\/www.ultimamarkets.com\/vn"},{"@type":"ListItem","position":2,"name":"pages","item":"https:\/\/www.ultimamarkets.com\/vn\/wp-json\/wp\/v2\/pages"},{"@type":"ListItem","position":3,"name":"ECN Account","item":"https:\/\/www.ultimamarkets.com\/vn\/wp-json\/wp\/v2\/pages\/4051"}]}]}},"_links":{"self":[{"href":"https:\/\/www.ultimamarkets.com\/vn\/wp-json\/wp\/v2\/pages\/4051","targetHints":{"allow":["GET"]}}],"collection":[{"href":"https:\/\/www.ultimamarkets.com\/vn\/wp-json\/wp\/v2\/pages"}],"about":[{"href":"https:\/\/www.ultimamarkets.com\/vn\/wp-json\/wp\/v2\/types\/page"}],"author":[{"embeddable":true,"href":"https:\/\/www.ultimamarkets.com\/vn\/wp-json\/wp\/v2\/users\/13"}],"replies":[{"embeddable":true,"href":"https:\/\/www.ultimamarkets.com\/vn\/wp-json\/wp\/v2\/comments?post=4051"}],"version-history":[{"count":0,"href":"https:\/\/www.ultimamarkets.com\/vn\/wp-json\/wp\/v2\/pages\/4051\/revisions"}],"wp:attachment":[{"href":"https:\/\/www.ultimamarkets.com\/vn\/wp-json\/wp\/v2\/media?parent=4051"}],"curies":[{"name":"wp","href":"https:\/\/api.w.org\/{rel}","templated":true}]}}