{"id":5832,"date":"2023-11-28T14:20:04","date_gmt":"2023-11-28T06:20:04","guid":{"rendered":"https:\/\/www.ultimamarkets.com\/?page_id=5832"},"modified":"2026-01-05T10:44:00","modified_gmt":"2026-01-05T10:44:00","slug":"pamm","status":"publish","type":"page","link":"https:\/\/www.ultimamarkets.com\/tr\/pamm\/","title":{"rendered":"PAMM\/MAM"},"content":{"rendered":"","protected":false},"excerpt":{"rendered":"","protected":false},"author":13,"featured_media":0,"parent":0,"menu_order":0,"comment_status":"closed","ping_status":"closed","template":"template_pamm.php","meta":{"_acf_changed":false,"footnotes":""},"class_list":["post-5832","page","type-page","status-publish","hentry"],"acf":[],"yoast_head":"<!-- This site is optimized with the Yoast SEO Premium plugin v27.2 (Yoast SEO v27.2) - https:\/\/yoast.com\/product\/yoast-seo-premium-wordpress\/ -->\n<title>PAMM\/MAM | Ultima Markets<\/title>\n<meta name=\"robots\" content=\"index, follow, max-snippet:-1, max-image-preview:large, max-video-preview:-1\" \/>\n<link rel=\"canonical\" href=\"https:\/\/www.ultimamarkets.com\/tr\/pamm\/\" \/>\n<meta property=\"og:locale\" content=\"tr_TR\" \/>\n<meta property=\"og:type\" content=\"article\" \/>\n<meta property=\"og:title\" content=\"PAMM\/MAM\" \/>\n<meta property=\"og:url\" content=\"https:\/\/www.ultimamarkets.com\/tr\/wp-json\/wp\/v2\/pages\/5832\" \/>\n<meta property=\"og:site_name\" content=\"Ultima Markets\" \/>\n<meta property=\"article:publisher\" content=\"https:\/\/www.facebook.com\/ultimamarketsglobal\" \/>\n<meta property=\"article:modified_time\" content=\"2026-01-05T10:44:00+00:00\" \/>\n<meta name=\"twitter:card\" content=\"summary_large_image\" \/>\n<meta name=\"twitter:site\" content=\"@UltimaMarkets\" \/>\n<script type=\"application\/ld+json\" class=\"yoast-schema-graph\">{\"@context\":\"https:\/\/schema.org\",\"@graph\":[{\"@type\":\"WebPage\",\"@id\":\"\",\"url\":\"https:\/\/www.ultimamarkets.com\/tr\/wp-json\/wp\/v2\/pages\/5832\",\"name\":\"PAMM\/MAM | Ultima Markets\",\"datePublished\":\"2023-11-28T06:20:04+00:00\",\"dateModified\":\"2026-01-05T10:44:00+00:00\",\"inLanguage\":\"tr\"},{\"@type\":\"Organization\",\"@id\":\"https:\/\/www.ultimamarkets.com\/tr\/#organization\",\"name\":\"Ultima Markets\",\"alternateName\":\"UM\",\"url\":\"https:\/\/www.ultimamarkets.com\/tr\/\",\"logo\":{\"@type\":\"ImageObject\",\"inLanguage\":\"tr\",\"@id\":\"https:\/\/www.ultimamarkets.com\/tr\/#\/schema\/logo\/image\/\",\"url\":\"https:\/\/www.ultimamarkets.com\/tr\/wp-content\/uploads\/sites\/23\/2025\/12\/ultima-logo-ori-color-1.png\",\"contentUrl\":\"https:\/\/www.ultimamarkets.com\/tr\/wp-content\/uploads\/sites\/23\/2025\/12\/ultima-logo-ori-color-1.png\",\"width\":1392,\"height\":1392,\"caption\":\"Ultima Markets\"},\"image\":{\"@id\":\"https:\/\/www.ultimamarkets.com\/tr\/#\/schema\/logo\/image\/\"},\"sameAs\":[\"https:\/\/www.facebook.com\/ultimamarketsglobal\",\"https:\/\/x.com\/UltimaMarkets\",\"https:\/\/www.instagram.com\/ultima_markets\/\",\"https:\/\/www.linkedin.com\/company\/ultima-markets\/\",\"https:\/\/www.tiktok.com\/@ultimamarkets_global\",\"https:\/\/www.youtube.com\/@ultima_markets\",\"https:\/\/t.me\/ultimamarkets_official\"],\"description\":\"Ultima Markets, Forex, Metaller, Emtialar, Endeksler ve CFD\u2019lerde i\u015flem hizmetleri sunan k\u00fcresel bir \u00e7ok varl\u0131kl\u0131 brokerd\u0131r. \u015eirket, t\u00fcm deneyim seviyelerindeki yat\u0131r\u0131mc\u0131lar\u0131 desteklemek i\u00e7in piyasa analizleri, e\u011fitim kaynaklar\u0131 ve geli\u015fmi\u015f i\u015flem ara\u00e7lar\u0131 sa\u011flar. Ultima Markets, \u015feffafl\u0131\u011fa, m\u00fc\u015fteri odakl\u0131 hizmetlere ve finansal piyasalarda y\u00fcksek operasyonel standartlar\u0131 s\u00fcrd\u00fcrmeye kendini adam\u0131\u015ft\u0131r.\",\"email\":\"support@ultimamarkets.com\",\"legalName\":\"Ultima Markets Pte Ltd\",\"foundingDate\":\"2016-06-08\",\"numberOfEmployees\":{\"@type\":\"QuantitativeValue\",\"minValue\":\"201\",\"maxValue\":\"500\"}},{\"@type\":\"BreadcrumbList\",\"@id\":\"https:\/\/www.ultimamarkets.com\/tr\/wp-json\/wp\/v2\/pages\/5832#breadcrumb\",\"itemListElement\":[{\"@type\":\"ListItem\",\"position\":1,\"name\":\"Home\",\"item\":\"https:\/\/www.ultimamarkets.com\/tr\"},{\"@type\":\"ListItem\",\"position\":2,\"name\":\"pages\",\"item\":\"https:\/\/www.ultimamarkets.com\/tr\/wp-json\/wp\/v2\/pages\"},{\"@type\":\"ListItem\",\"position\":3,\"name\":\"PAMM\/MAM\",\"item\":\"https:\/\/www.ultimamarkets.com\/tr\/wp-json\/wp\/v2\/pages\/5832\"}]}]}<\/script>\n<!-- \/ Yoast SEO Premium plugin. -->","yoast_head_json":{"title":"PAMM\/MAM | Ultima Markets","robots":{"index":"index","follow":"follow","max-snippet":"max-snippet:-1","max-image-preview":"max-image-preview:large","max-video-preview":"max-video-preview:-1"},"canonical":"https:\/\/www.ultimamarkets.com\/tr\/pamm\/","og_locale":"tr_TR","og_type":"article","og_title":"PAMM\/MAM","og_url":"https:\/\/www.ultimamarkets.com\/tr\/wp-json\/wp\/v2\/pages\/5832","og_site_name":"Ultima Markets","article_publisher":"https:\/\/www.facebook.com\/ultimamarketsglobal","article_modified_time":"2026-01-05T10:44:00+00:00","twitter_card":"summary_large_image","twitter_site":"@UltimaMarkets","schema":{"@context":"https:\/\/schema.org","@graph":[{"@type":"WebPage","@id":"","url":"https:\/\/www.ultimamarkets.com\/tr\/wp-json\/wp\/v2\/pages\/5832","name":"PAMM\/MAM | Ultima Markets","datePublished":"2023-11-28T06:20:04+00:00","dateModified":"2026-01-05T10:44:00+00:00","inLanguage":"tr"},{"@type":"Organization","@id":"https:\/\/www.ultimamarkets.com\/tr\/#organization","name":"Ultima Markets","alternateName":"UM","url":"https:\/\/www.ultimamarkets.com\/tr\/","logo":{"@type":"ImageObject","inLanguage":"tr","@id":"https:\/\/www.ultimamarkets.com\/tr\/#\/schema\/logo\/image\/","url":"https:\/\/www.ultimamarkets.com\/tr\/wp-content\/uploads\/sites\/23\/2025\/12\/ultima-logo-ori-color-1.png","contentUrl":"https:\/\/www.ultimamarkets.com\/tr\/wp-content\/uploads\/sites\/23\/2025\/12\/ultima-logo-ori-color-1.png","width":1392,"height":1392,"caption":"Ultima Markets"},"image":{"@id":"https:\/\/www.ultimamarkets.com\/tr\/#\/schema\/logo\/image\/"},"sameAs":["https:\/\/www.facebook.com\/ultimamarketsglobal","https:\/\/x.com\/UltimaMarkets","https:\/\/www.instagram.com\/ultima_markets\/","https:\/\/www.linkedin.com\/company\/ultima-markets\/","https:\/\/www.tiktok.com\/@ultimamarkets_global","https:\/\/www.youtube.com\/@ultima_markets","https:\/\/t.me\/ultimamarkets_official"],"description":"Ultima Markets, Forex, Metaller, Emtialar, Endeksler ve CFD\u2019lerde i\u015flem hizmetleri sunan k\u00fcresel bir \u00e7ok varl\u0131kl\u0131 brokerd\u0131r. \u015eirket, t\u00fcm deneyim seviyelerindeki yat\u0131r\u0131mc\u0131lar\u0131 desteklemek i\u00e7in piyasa analizleri, e\u011fitim kaynaklar\u0131 ve geli\u015fmi\u015f i\u015flem ara\u00e7lar\u0131 sa\u011flar. Ultima Markets, \u015feffafl\u0131\u011fa, m\u00fc\u015fteri odakl\u0131 hizmetlere ve finansal piyasalarda y\u00fcksek operasyonel standartlar\u0131 s\u00fcrd\u00fcrmeye kendini adam\u0131\u015ft\u0131r.","email":"support@ultimamarkets.com","legalName":"Ultima Markets Pte Ltd","foundingDate":"2016-06-08","numberOfEmployees":{"@type":"QuantitativeValue","minValue":"201","maxValue":"500"}},{"@type":"BreadcrumbList","@id":"https:\/\/www.ultimamarkets.com\/tr\/wp-json\/wp\/v2\/pages\/5832#breadcrumb","itemListElement":[{"@type":"ListItem","position":1,"name":"Home","item":"https:\/\/www.ultimamarkets.com\/tr"},{"@type":"ListItem","position":2,"name":"pages","item":"https:\/\/www.ultimamarkets.com\/tr\/wp-json\/wp\/v2\/pages"},{"@type":"ListItem","position":3,"name":"PAMM\/MAM","item":"https:\/\/www.ultimamarkets.com\/tr\/wp-json\/wp\/v2\/pages\/5832"}]}]}},"_links":{"self":[{"href":"https:\/\/www.ultimamarkets.com\/tr\/wp-json\/wp\/v2\/pages\/5832","targetHints":{"allow":["GET"]}}],"collection":[{"href":"https:\/\/www.ultimamarkets.com\/tr\/wp-json\/wp\/v2\/pages"}],"about":[{"href":"https:\/\/www.ultimamarkets.com\/tr\/wp-json\/wp\/v2\/types\/page"}],"author":[{"embeddable":true,"href":"https:\/\/www.ultimamarkets.com\/tr\/wp-json\/wp\/v2\/users\/13"}],"replies":[{"embeddable":true,"href":"https:\/\/www.ultimamarkets.com\/tr\/wp-json\/wp\/v2\/comments?post=5832"}],"version-history":[{"count":0,"href":"https:\/\/www.ultimamarkets.com\/tr\/wp-json\/wp\/v2\/pages\/5832\/revisions"}],"wp:attachment":[{"href":"https:\/\/www.ultimamarkets.com\/tr\/wp-json\/wp\/v2\/media?parent=5832"}],"curies":[{"name":"wp","href":"https:\/\/api.w.org\/{rel}","templated":true}]}}